{"id":9,"date":"2021-01-24T19:32:12","date_gmt":"2021-01-24T19:32:12","guid":{"rendered":"https:\/\/tantesilvia.ch\/?page_id=9"},"modified":"2021-10-25T20:25:39","modified_gmt":"2021-10-25T18:25:39","slug":"home","status":"publish","type":"page","link":"https:\/\/tantesilvia.ch\/fr\/","title":{"rendered":"Accueil"},"content":{"rendered":"<p><span class=\"has-inline-color has-primary-color\">Bienvenue !<\/span><\/p>\n\n\n\n<p>\u00ab Le fauteuil roulant de Tante Silvia \u00bb est un livre illustr\u00e9 destin\u00e9 \u00e0 expliquer la scl\u00e9rose en plaques aux enfants d\u2019\u00e2ge pr\u00e9scolaire. <\/p>\n\n\n\n<p>Je m'appelle Marie Dobbertin. J'ai \u00e9crit et illustr\u00e9 ce livre et suis heureuse de vous le pr\u00e9senter.<\/p>\n\n\n\n<figure class=\"wp-block-image size-large\"><a href=\"https:\/\/tantesilvia.ch\/wp-content\/uploads\/2021\/10\/franzo\u0308sisch_titelbild-scaled.jpg\"><img loading=\"lazy\" decoding=\"async\" width=\"1024\" height=\"534\" src=\"https:\/\/tantesilvia.ch\/wp-content\/uploads\/2021\/10\/franzo\u0308sisch_titelbild-scaled.jpg\" alt=\"\" class=\"wp-image-11\" srcset=\"https:\/\/tantesilvia.ch\/wp-content\/uploads\/2021\/10\/franzo\u0308sisch_titelbild-scaled.jpg 2560w, https:\/\/tantesilvia.ch\/wp-content\/uploads\/2021\/10\/franzo\u0308sisch_titelbild-300x200.jpg 300w, https:\/\/tantesilvia.ch\/wp-content\/uploads\/2021\/10\/franzo\u0308sisch_titelbild-1024x682.jpg 1024w, https:\/\/tantesilvia.ch\/wp-content\/uploads\/2021\/10\/franzo\u0308sisch_titelbild-768x512.jpg 768w, https:\/\/tantesilvia.ch\/wp-content\/uploads\/2021\/10\/franzo\u0308sisch_titelbild-1536x1023.jpg 1536w, https:\/\/tantesilvia.ch\/wp-content\/uploads\/2021\/10\/franzo\u0308sisch_titelbild-2048x1365.jpg 2048w, https:\/\/tantesilvia.ch\/wp-content\/uploads\/2021\/10\/franzo\u0308sisch_titelbild-18x12.jpg 18w, https:\/\/tantesilvia.ch\/wp-content\/uploads\/2021\/10\/franzo\u0308sisch_titelbild-1200x800.jpg 1200w, https:\/\/tantesilvia.ch\/wp-content\/uploads\/2021\/10\/franzo\u0308sisch_titelbild-1980x1319.jpg 1980w\" sizes=\"auto, (max-width: 1024px) 100vw, 1024px\" \/><\/a><\/figure>\n\n\n\n<p>Suivez-moi sur <a href=\"https:\/\/www.facebook.com\/TanteSilviaMS\">Facebook!<\/a><\/p>","protected":false},"excerpt":{"rendered":"<p>Wilkommen! &#171;Wieso ist Tante Silvia jetzt im Rollstuhl?&#187; ist ein Bilderbuch, das Kindern im Vorlesealter Multiple Sklerose erkl\u00e4rt. Ich bin Marie Dobbertin, die Autorin und Illustratorin, und freue mich, Ihnen dieses Buch n\u00e4her zu bringen! Folgt mir auf Facebook!<\/p>","protected":false},"author":1,"featured_media":0,"parent":0,"menu_order":0,"comment_status":"closed","ping_status":"closed","template":"","meta":{"footnotes":""},"class_list":["post-9","page","type-page","status-publish","hentry"],"_links":{"self":[{"href":"https:\/\/tantesilvia.ch\/fr\/wp-json\/wp\/v2\/pages\/9","targetHints":{"allow":["GET"]}}],"collection":[{"href":"https:\/\/tantesilvia.ch\/fr\/wp-json\/wp\/v2\/pages"}],"about":[{"href":"https:\/\/tantesilvia.ch\/fr\/wp-json\/wp\/v2\/types\/page"}],"author":[{"embeddable":true,"href":"https:\/\/tantesilvia.ch\/fr\/wp-json\/wp\/v2\/users\/1"}],"replies":[{"embeddable":true,"href":"https:\/\/tantesilvia.ch\/fr\/wp-json\/wp\/v2\/comments?post=9"}],"version-history":[{"count":4,"href":"https:\/\/tantesilvia.ch\/fr\/wp-json\/wp\/v2\/pages\/9\/revisions"}],"predecessor-version":[{"id":183,"href":"https:\/\/tantesilvia.ch\/fr\/wp-json\/wp\/v2\/pages\/9\/revisions\/183"}],"wp:attachment":[{"href":"https:\/\/tantesilvia.ch\/fr\/wp-json\/wp\/v2\/media?parent=9"}],"curies":[{"name":"wp","href":"https:\/\/api.w.org\/{rel}","templated":true}]}}